{"id":9305,"date":"2024-09-05T06:21:41","date_gmt":"2024-09-05T06:21:41","guid":{"rendered":"https:\/\/www.trencahk.com\/tcp002-embouts-de-tringle-a-rideaux\/"},"modified":"2024-09-05T06:21:41","modified_gmt":"2024-09-05T06:21:41","slug":"tcp002-embouts-de-tringle-a-rideaux","status":"publish","type":"product","link":"https:\/\/www.trencahk.com\/fr\/tcp002-embouts-de-tringle-a-rideaux\/","title":{"rendered":"TCP002 Embouts de tringle \u00e0 rideaux"},"content":{"rendered":"<p><a class=\"quote-button\" href=\"https:\/\/api.whatsapp.com\/send\/?phone=8615728571261&amp;text=https%3A%2F%2Fwww.trencahk.com%2Ftfa020-aluminium-profile-curtain-rod-set%2F&amp;type=phone_number&amp;app_absent=0\">Pour les sp\u00e9cifications d\u00e9taill\u00e9es du produit ou les tarifs de gros, veuillez nous contacter d\u00e8s maintenant.Demander un devis<\/a><\/p>\n","protected":false},"excerpt":{"rendered":"<p>Pour les sp\u00e9cifications d\u00e9taill\u00e9es du produit ou les tarifs de gros, veuillez nous contacter d\u00e8s maintenant.Demander un devis<\/p>\n","protected":false},"featured_media":2949,"template":"","meta":[],"product_brand":[],"product_cat":[694],"product_tag":[829],"class_list":{"0":"post-9305","1":"product","2":"type-product","3":"status-publish","4":"has-post-thumbnail","6":"product_cat-accessoires-de-rideaux-2","7":"product_tag-curtain-pipe-cap","8":"post","10":"first","11":"instock","12":"shipping-taxable","13":"product-type-simple"},"_links":{"self":[{"href":"https:\/\/www.trencahk.com\/fr\/wp-json\/wp\/v2\/product\/9305","targetHints":{"allow":["GET"]}}],"collection":[{"href":"https:\/\/www.trencahk.com\/fr\/wp-json\/wp\/v2\/product"}],"about":[{"href":"https:\/\/www.trencahk.com\/fr\/wp-json\/wp\/v2\/types\/product"}],"wp:featuredmedia":[{"embeddable":true,"href":"https:\/\/www.trencahk.com\/fr\/wp-json\/wp\/v2\/media\/2949"}],"wp:attachment":[{"href":"https:\/\/www.trencahk.com\/fr\/wp-json\/wp\/v2\/media?parent=9305"}],"wp:term":[{"taxonomy":"product_brand","embeddable":true,"href":"https:\/\/www.trencahk.com\/fr\/wp-json\/wp\/v2\/product_brand?post=9305"},{"taxonomy":"product_cat","embeddable":true,"href":"https:\/\/www.trencahk.com\/fr\/wp-json\/wp\/v2\/product_cat?post=9305"},{"taxonomy":"product_tag","embeddable":true,"href":"https:\/\/www.trencahk.com\/fr\/wp-json\/wp\/v2\/product_tag?post=9305"}],"curies":[{"name":"wp","href":"https:\/\/api.w.org\/{rel}","templated":true}]}}