{"id":9085,"date":"2025-11-11T06:48:32","date_gmt":"2025-11-11T06:48:32","guid":{"rendered":"https:\/\/www.trencahk.com\/tringle-a-rideaux-en-fer-decorative-tfi016-kit-complet\/"},"modified":"2026-04-17T03:32:19","modified_gmt":"2026-04-17T03:32:19","slug":"tringle-a-rideaux-en-fer-decorative-tfi016-kit-complet","status":"publish","type":"product","link":"https:\/\/www.trencahk.com\/fr\/tringle-a-rideaux-en-fer-decorative-tfi016-kit-complet\/","title":{"rendered":"Tringle \u00e0 rideaux en fer d\u00e9corative TFI016 (kit complet)"},"content":{"rendered":"<p><a class=\"quote-button\" href=\"https:\/\/api.whatsapp.com\/send\/?phone=8615728571261&amp;text=https%3A%2F%2Fwww.trencahk.com%2Ftfa020-aluminium-profile-curtain-rod-set%2F&amp;type=phone_number&amp;app_absent=0\">Pour les sp\u00e9cifications d\u00e9taill\u00e9es du produit ou les tarifs de gros, veuillez nous contacter d\u00e8s maintenant.Demander un devis<\/a><\/p>\n","protected":false},"excerpt":{"rendered":"<p>Pour les sp\u00e9cifications d\u00e9taill\u00e9es du produit ou les tarifs de gros, veuillez nous contacter d\u00e8s maintenant.Demander un devis<\/p>\n","protected":false},"featured_media":6640,"template":"","meta":[],"product_brand":[],"product_cat":[763,760],"product_tag":[803],"class_list":{"0":"post-9085","1":"product","2":"type-product","3":"status-publish","4":"has-post-thumbnail","6":"product_cat-tige-de-rideau-en-fer","7":"product_cat-ensemble-de-barres-de-rideaux","8":"product_tag-ensemble-de-tringle-a-rideaux","9":"post","11":"first","12":"instock","13":"shipping-taxable","14":"product-type-grouped"},"_links":{"self":[{"href":"https:\/\/www.trencahk.com\/fr\/wp-json\/wp\/v2\/product\/9085","targetHints":{"allow":["GET"]}}],"collection":[{"href":"https:\/\/www.trencahk.com\/fr\/wp-json\/wp\/v2\/product"}],"about":[{"href":"https:\/\/www.trencahk.com\/fr\/wp-json\/wp\/v2\/types\/product"}],"wp:featuredmedia":[{"embeddable":true,"href":"https:\/\/www.trencahk.com\/fr\/wp-json\/wp\/v2\/media\/6640"}],"wp:attachment":[{"href":"https:\/\/www.trencahk.com\/fr\/wp-json\/wp\/v2\/media?parent=9085"}],"wp:term":[{"taxonomy":"product_brand","embeddable":true,"href":"https:\/\/www.trencahk.com\/fr\/wp-json\/wp\/v2\/product_brand?post=9085"},{"taxonomy":"product_cat","embeddable":true,"href":"https:\/\/www.trencahk.com\/fr\/wp-json\/wp\/v2\/product_cat?post=9085"},{"taxonomy":"product_tag","embeddable":true,"href":"https:\/\/www.trencahk.com\/fr\/wp-json\/wp\/v2\/product_tag?post=9085"}],"curies":[{"name":"wp","href":"https:\/\/api.w.org\/{rel}","templated":true}]}}