{"id":8760,"date":"2025-08-18T08:09:26","date_gmt":"2025-08-18T08:09:26","guid":{"rendered":"https:\/\/www.trencahk.com\/rail-de-rideau-mini-courbe-ttf025\/"},"modified":"2025-08-18T08:09:26","modified_gmt":"2025-08-18T08:09:26","slug":"rail-de-rideau-mini-courbe-ttf025","status":"publish","type":"product","link":"https:\/\/www.trencahk.com\/fr\/rail-de-rideau-mini-courbe-ttf025\/","title":{"rendered":"Rail de rideau mini courb\u00e9 TTF025"},"content":{"rendered":"<p><a class=\"quote-button\" href=\"https:\/\/api.whatsapp.com\/send\/?phone=8615728571261&amp;text=https%3A%2F%2Fwww.trencahk.com%2Ftfa020-aluminium-profile-curtain-rod-set%2F&amp;type=phone_number&amp;app_absent=0\">Pour les sp\u00e9cifications d\u00e9taill\u00e9es du produit ou les tarifs de gros, veuillez nous contacter d\u00e8s maintenant.Demander un devis<\/a><\/p>\n","protected":false},"excerpt":{"rendered":"<p>Pour les sp\u00e9cifications d\u00e9taill\u00e9es du produit ou les tarifs de gros, veuillez nous contacter d\u00e8s maintenant.Demander un devis<\/p>\n","protected":false},"featured_media":4225,"template":"","meta":[],"product_brand":[],"product_cat":[705,776,702],"product_tag":[782,802,820],"class_list":{"0":"post-8760","1":"product","2":"type-product","3":"status-publish","4":"has-post-thumbnail","6":"product_cat-chemin-de-rideau-incurve","7":"product_cat-produits-phares","8":"product_cat-rideau-de-glissiere","9":"product_tag-rail-a-rideaux","10":"product_tag-rail-a-rideaux-2","11":"product_tag-rail-de-rideau-mini-courbe","12":"post","14":"first","15":"instock","16":"shipping-taxable","17":"product-type-simple"},"_links":{"self":[{"href":"https:\/\/www.trencahk.com\/fr\/wp-json\/wp\/v2\/product\/8760","targetHints":{"allow":["GET"]}}],"collection":[{"href":"https:\/\/www.trencahk.com\/fr\/wp-json\/wp\/v2\/product"}],"about":[{"href":"https:\/\/www.trencahk.com\/fr\/wp-json\/wp\/v2\/types\/product"}],"wp:featuredmedia":[{"embeddable":true,"href":"https:\/\/www.trencahk.com\/fr\/wp-json\/wp\/v2\/media\/4225"}],"wp:attachment":[{"href":"https:\/\/www.trencahk.com\/fr\/wp-json\/wp\/v2\/media?parent=8760"}],"wp:term":[{"taxonomy":"product_brand","embeddable":true,"href":"https:\/\/www.trencahk.com\/fr\/wp-json\/wp\/v2\/product_brand?post=8760"},{"taxonomy":"product_cat","embeddable":true,"href":"https:\/\/www.trencahk.com\/fr\/wp-json\/wp\/v2\/product_cat?post=8760"},{"taxonomy":"product_tag","embeddable":true,"href":"https:\/\/www.trencahk.com\/fr\/wp-json\/wp\/v2\/product_tag?post=8760"}],"curies":[{"name":"wp","href":"https:\/\/api.w.org\/{rel}","templated":true}]}}