{"id":8673,"date":"2025-08-18T08:05:27","date_gmt":"2025-08-18T08:05:27","guid":{"rendered":"https:\/\/www.trencahk.com\/rail-de-rideau-decoratif-coulissant-pour-restaurant-tts052\/"},"modified":"2025-08-18T08:05:27","modified_gmt":"2025-08-18T08:05:27","slug":"rail-de-rideau-decoratif-coulissant-pour-restaurant-tts052","status":"publish","type":"product","link":"https:\/\/www.trencahk.com\/fr\/rail-de-rideau-decoratif-coulissant-pour-restaurant-tts052\/","title":{"rendered":"Rail de rideau d\u00e9coratif coulissant pour restaurant TTS052"},"content":{"rendered":"<p><a class=\"quote-button\" href=\"https:\/\/api.whatsapp.com\/send\/?phone=8615728571261&amp;text=https%3A%2F%2Fwww.trencahk.com%2Ftfa020-aluminium-profile-curtain-rod-set%2F&amp;type=phone_number&amp;app_absent=0\">Pour les sp\u00e9cifications d\u00e9taill\u00e9es du produit ou les tarifs de gros, veuillez nous contacter d\u00e8s maintenant.Demander un devis<\/a><\/p>\n","protected":false},"excerpt":{"rendered":"<p>Pour les sp\u00e9cifications d\u00e9taill\u00e9es du produit ou les tarifs de gros, veuillez nous contacter d\u00e8s maintenant.Demander un devis<\/p>\n","protected":false},"featured_media":4097,"template":"","meta":[],"product_brand":[],"product_cat":[709,776],"product_tag":[782],"class_list":{"0":"post-8673","1":"product","2":"type-product","3":"status-publish","4":"has-post-thumbnail","6":"product_cat-piste-de-rideau-droite","7":"product_cat-produits-phares","8":"product_tag-rail-a-rideaux","9":"post","11":"first","12":"instock","13":"shipping-taxable","14":"product-type-simple"},"_links":{"self":[{"href":"https:\/\/www.trencahk.com\/fr\/wp-json\/wp\/v2\/product\/8673","targetHints":{"allow":["GET"]}}],"collection":[{"href":"https:\/\/www.trencahk.com\/fr\/wp-json\/wp\/v2\/product"}],"about":[{"href":"https:\/\/www.trencahk.com\/fr\/wp-json\/wp\/v2\/types\/product"}],"wp:featuredmedia":[{"embeddable":true,"href":"https:\/\/www.trencahk.com\/fr\/wp-json\/wp\/v2\/media\/4097"}],"wp:attachment":[{"href":"https:\/\/www.trencahk.com\/fr\/wp-json\/wp\/v2\/media?parent=8673"}],"wp:term":[{"taxonomy":"product_brand","embeddable":true,"href":"https:\/\/www.trencahk.com\/fr\/wp-json\/wp\/v2\/product_brand?post=8673"},{"taxonomy":"product_cat","embeddable":true,"href":"https:\/\/www.trencahk.com\/fr\/wp-json\/wp\/v2\/product_cat?post=8673"},{"taxonomy":"product_tag","embeddable":true,"href":"https:\/\/www.trencahk.com\/fr\/wp-json\/wp\/v2\/product_tag?post=8673"}],"curies":[{"name":"wp","href":"https:\/\/api.w.org\/{rel}","templated":true}]}}