{"id":7723,"date":"2026-04-08T06:11:38","date_gmt":"2026-04-08T06:11:38","guid":{"rendered":"https:\/\/www.trencahk.com\/thip009-crochet-de-rideau-emboitable-elegant\/"},"modified":"2026-04-08T06:11:38","modified_gmt":"2026-04-08T06:11:38","slug":"thip009-crochet-de-rideau-emboitable-elegant","status":"publish","type":"product","link":"https:\/\/www.trencahk.com\/fr\/thip009-crochet-de-rideau-emboitable-elegant\/","title":{"rendered":"THIP009 Crochet de rideau embo\u00eetable \u00e9l\u00e9gant"},"content":{"rendered":"<p>Pour les sp\u00e9cifications d\u00e9taill\u00e9es du produit ou les tarifs de gros, veuillez nous contacter d\u00e8s maintenant.<a class=\"quote-button\" href=\"https:\/\/api.whatsapp.com\/send\/?phone=8615728571261&amp;text=https%3A%2F%2Fwww.trencahk.com%2Ftfa020-aluminium-profile-curtain-rod-set%2F&amp;type=phone_number&amp;app_absent=0\">Demander un devis<\/a><\/p>\n","protected":false},"excerpt":{"rendered":"<p>Pour les sp\u00e9cifications d\u00e9taill\u00e9es du produit ou les tarifs de gros, veuillez nous contacter d\u00e8s maintenant.Demander un devis<\/p>\n","protected":false},"featured_media":7219,"template":"","meta":[],"product_brand":[],"product_cat":[698],"product_tag":[784],"class_list":{"0":"post-7723","1":"product","2":"type-product","3":"status-publish","4":"has-post-thumbnail","6":"product_cat-fringue-de-rideau","7":"product_tag-crochet-a-rideau","8":"post","10":"first","11":"instock","12":"shipping-taxable","13":"product-type-simple"},"_links":{"self":[{"href":"https:\/\/www.trencahk.com\/fr\/wp-json\/wp\/v2\/product\/7723","targetHints":{"allow":["GET"]}}],"collection":[{"href":"https:\/\/www.trencahk.com\/fr\/wp-json\/wp\/v2\/product"}],"about":[{"href":"https:\/\/www.trencahk.com\/fr\/wp-json\/wp\/v2\/types\/product"}],"wp:featuredmedia":[{"embeddable":true,"href":"https:\/\/www.trencahk.com\/fr\/wp-json\/wp\/v2\/media\/7219"}],"wp:attachment":[{"href":"https:\/\/www.trencahk.com\/fr\/wp-json\/wp\/v2\/media?parent=7723"}],"wp:term":[{"taxonomy":"product_brand","embeddable":true,"href":"https:\/\/www.trencahk.com\/fr\/wp-json\/wp\/v2\/product_brand?post=7723"},{"taxonomy":"product_cat","embeddable":true,"href":"https:\/\/www.trencahk.com\/fr\/wp-json\/wp\/v2\/product_cat?post=7723"},{"taxonomy":"product_tag","embeddable":true,"href":"https:\/\/www.trencahk.com\/fr\/wp-json\/wp\/v2\/product_tag?post=7723"}],"curies":[{"name":"wp","href":"https:\/\/api.w.org\/{rel}","templated":true}]}}