{"id":7696,"date":"2026-04-09T07:46:18","date_gmt":"2026-04-09T07:46:18","guid":{"rendered":"https:\/\/www.trencahk.com\/rail-pour-store-bateau-tts045\/"},"modified":"2026-04-09T07:46:18","modified_gmt":"2026-04-09T07:46:18","slug":"rail-pour-store-bateau-tts045","status":"publish","type":"product","link":"https:\/\/www.trencahk.com\/fr\/rail-pour-store-bateau-tts045\/","title":{"rendered":"Rail pour store bateau TTS045"},"content":{"rendered":"<p><a class=\"quote-button\" href=\"https:\/\/api.whatsapp.com\/send\/?phone=8615728571261&amp;text=https%3A%2F%2Fwww.trencahk.com%2Ftfa020-aluminium-profile-curtain-rod-set%2F&amp;type=phone_number&amp;app_absent=0\">Pour obtenir des sp\u00e9cifications d\u00e9taill\u00e9es sur les produits ou des tarifs pour les commandes en gros, veuillez nous contacter d\u00e8s maintenant.Get a quote<\/a><\/p>\n","protected":false},"excerpt":{"rendered":"<p>Pour obtenir des sp\u00e9cifications d\u00e9taill\u00e9es sur les produits ou des tarifs pour les commandes en gros, veuillez nous contacter d\u00e8s maintenant.Get a quote<\/p>\n","protected":false},"featured_media":7271,"template":"","meta":[],"product_brand":[],"product_cat":[709],"product_tag":[782],"class_list":{"0":"post-7696","1":"product","2":"type-product","3":"status-publish","4":"has-post-thumbnail","6":"product_cat-piste-de-rideau-droite","7":"product_tag-rail-a-rideaux","8":"post","10":"first","11":"instock","12":"shipping-taxable","13":"product-type-simple"},"_links":{"self":[{"href":"https:\/\/www.trencahk.com\/fr\/wp-json\/wp\/v2\/product\/7696","targetHints":{"allow":["GET"]}}],"collection":[{"href":"https:\/\/www.trencahk.com\/fr\/wp-json\/wp\/v2\/product"}],"about":[{"href":"https:\/\/www.trencahk.com\/fr\/wp-json\/wp\/v2\/types\/product"}],"wp:featuredmedia":[{"embeddable":true,"href":"https:\/\/www.trencahk.com\/fr\/wp-json\/wp\/v2\/media\/7271"}],"wp:attachment":[{"href":"https:\/\/www.trencahk.com\/fr\/wp-json\/wp\/v2\/media?parent=7696"}],"wp:term":[{"taxonomy":"product_brand","embeddable":true,"href":"https:\/\/www.trencahk.com\/fr\/wp-json\/wp\/v2\/product_brand?post=7696"},{"taxonomy":"product_cat","embeddable":true,"href":"https:\/\/www.trencahk.com\/fr\/wp-json\/wp\/v2\/product_cat?post=7696"},{"taxonomy":"product_tag","embeddable":true,"href":"https:\/\/www.trencahk.com\/fr\/wp-json\/wp\/v2\/product_tag?post=7696"}],"curies":[{"name":"wp","href":"https:\/\/api.w.org\/{rel}","templated":true}]}}