{"id":7429,"date":"2020-07-08T06:00:02","date_gmt":"2020-07-08T06:00:02","guid":{"rendered":"https:\/\/www.trencahk.com\/a-propos-de-trenca\/"},"modified":"2026-04-09T13:14:50","modified_gmt":"2026-04-09T13:14:50","slug":"a-propos-de-trenca","status":"publish","type":"page","link":"https:\/\/www.trencahk.com\/fr\/a-propos-de-trenca\/","title":{"rendered":"\u00c0 propos de Trenca"},"content":{"rendered":"<div id=\"pl-7429\"  class=\"panel-layout\" ><div id=\"pg-7429-0\"  class=\"panel-grid panel-has-style\" ><div class=\"siteorigin-panels-stretch panel-row-style panel-row-style-for-7429-0\" data-stretch-type=\"full-width-stretch\" ><div id=\"pgc-7429-0-0\"  class=\"panel-grid-cell\" ><div id=\"panel-7429-0-0-0\" class=\"so-panel widget widget_sow-hero panel-first-child panel-last-child\" data-index=\"0\" ><div\n\t\t\t\n\t\t\tclass=\"so-widget-sow-hero so-widget-sow-hero-default-6e283e92799f-7429 so-widget-fittext-wrapper\"\n\t\t\t data-fit-text-compressor=\"0.85\"\n\t\t>\t\t\t\t<div class=\"sow-slider-base\" style=\"display: none\" tabindex=\"0\">\n\t\t\t\t\t<ul\n\t\t\t\t\tclass=\"sow-slider-images\"\n\t\t\t\t\tdata-settings=\"{&quot;pagination&quot;:true,&quot;speed&quot;:800,&quot;timeout&quot;:8000,&quot;paused&quot;:false,&quot;pause_on_hover&quot;:false,&quot;swipe&quot;:true,&quot;nav_always_show_desktop&quot;:&quot;&quot;,&quot;nav_always_show_mobile&quot;:true,&quot;breakpoint&quot;:&quot;780px&quot;,&quot;unmute&quot;:false,&quot;anchor&quot;:null}\"\n\t\t\t\t\t\t\t\t\t\tdata-anchor-id=\"\"\n\t\t\t\t>\t\t<li class=\"sow-slider-image  sow-slider-image-cover\" style=\"visibility: visible;;background-color: #333333\" >\n\t\t\t\t\t<div class=\"sow-slider-image-container\">\n\t\t\t<div class=\"sow-slider-image-wrapper\">\n\t\t\t\t<h1 style=\"text-align: center\">\u00c0 PROPOS DE NOUS<\/h1>\t\t\t<\/div>\n\t\t<\/div>\n\t\t<div class=\"sow-slider-image-overlay sow-slider-image-cover\" style=\"opacity: 0.5;background-image: url(https:\/\/www.trencahk.com\/wp-content\/uploads\/2025\/06\/\u9996\u9875.jpg)\"  ><\/div>\t\t<\/li>\n\t\t<\/ul>\t\t\t\t<ol class=\"sow-slider-pagination\">\n\t\t\t\t\t\t\t\t\t\t\t<li><a href=\"#\" data-goto=\"0\" aria-label=\"Display slide 1\"><\/a><\/li>\n\t\t\t\t\t\t\t\t\t<\/ol>\n\n\t\t\t\t<div class=\"sow-slide-nav sow-slide-nav-next\">\n\t\t\t\t\t<a href=\"#\" data-goto=\"next\" aria-label=\"Next slide\" data-action=\"next\">\n\t\t\t\t\t\t<em class=\"sow-sld-icon-thin-right\"><\/em>\n\t\t\t\t\t<\/a>\n\t\t\t\t<\/div>\n\n\t\t\t\t<div class=\"sow-slide-nav sow-slide-nav-prev\">\n\t\t\t\t\t<a href=\"#\" data-goto=\"previous\" aria-label=\"Previous slide\" data-action=\"prev\">\n\t\t\t\t\t\t<em class=\"sow-sld-icon-thin-left\"><\/em>\n\t\t\t\t\t<\/a>\n\t\t\t\t<\/div>\n\t\t\t\t<\/div><\/div><\/div><\/div><\/div><\/div><div id=\"pg-7429-1\"  class=\"panel-grid panel-has-style\" ><div class=\"siteorigin-panels-stretch panel-row-style panel-row-style-for-7429-1\" data-stretch-type=\"full\" ><div id=\"pgc-7429-1-0\"  class=\"panel-grid-cell\" ><div id=\"panel-7429-1-0-0\" class=\"so-panel widget widget_sow-editor panel-first-child\" data-index=\"1\" ><div\n\t\t\t\n\t\t\tclass=\"so-widget-sow-editor so-widget-sow-editor-base\"\n\t\t\t\n\t\t>\n<div class=\"siteorigin-widget-tinymce textwidget\">\n\t<h2><strong><b>Trenca International Limited<\/b><\/strong><\/h2>\n<p><b>Trenca International Limited<\/b> est un leader mondial de confiance poss\u00e9dant plus de 20 ans d\u2019expertise dans l\u2019industrie de la d\u00e9coration int\u00e9rieure. Depuis notre cr\u00e9ation en 2002, nous avons b\u00e2ti une solide pr\u00e9sence internationale, en nous d\u00e9veloppant sur le march\u00e9 africain en 2008 et sur le march\u00e9 europ\u00e9en en 2011. <\/p>\n<p>Bas\u00e9s \u00e0 Hong Kong, nous nous sp\u00e9cialisons dans la fourniture de solutions OEM\/ODM de haute qualit\u00e9 et de services de bout en bout, de la conception et de la R&amp;D \u00e0 la fabrication, la logistique et le support technique. Nos puissantes capacit\u00e9s de fabrication int\u00e9gr\u00e9es verticalement garantissent un processus fluide et nous permettent d\u2019offrir deux avantages cl\u00e9s \u00e0 nos clients : <\/p>\n<ol start=\"1\">\n<li>Approvisionnement de gros robuste : Nos propres usines garantissent une capacit\u00e9 suffisante pour r\u00e9pondre aux commandes de gros volumes avec stabilit\u00e9 et efficacit\u00e9.<\/li>\n<li>Personnalisation exceptionnelle : Soutenus par notre d\u00e9partement de conception d\u00e9di\u00e9 et nos lignes de production compl\u00e8tes, nous fournissons des solutions personnalis\u00e9es de bout en bout, adapt\u00e9es \u00e0 vos sp\u00e9cifications uniques.<\/li>\n<\/ol>\n<h3>Nos principales gammes de produits<\/h3>\n<p>Nous nous sp\u00e9cialisons dans deux gammes de produits phares, offrant une gamme compl\u00e8te de produits de d\u00e9coration int\u00e9rieure ax\u00e9e sur :<\/p>\n<ul>\n<li><b>Habillages de fen\u00eatres :<\/b> Nous sommes un partenaire de confiance pour les <b>tringles \u00e0 rideaux<\/b> (y compris la quincaillerie et les accessoires) et les <b>rails \u00e0 rideaux<\/b> (y compris les composants).<\/li>\n<li><b>Autres essentiels pour la maison :<\/b> Nous proposons des articles de d\u00e9coration int\u00e9rieure innovants et des accessoires fonctionnels con\u00e7us pour r\u00e9pondre aux tendances du march\u00e9.<\/li>\n<\/ul>\n<p>Gr\u00e2ce \u00e0 notre longue exp\u00e9rience et \u00e0 nos vastes capacit\u00e9s, nous nous engageons \u00e0 \u00eatre un partenaire fiable \u00e0 travers nos solutions de vente en gros solides et nos services de personnalisation flexibles.<\/p>\n<\/div>\n<\/div><\/div><div id=\"panel-7429-1-0-1\" class=\"so-panel widget widget_sow-button\" data-index=\"2\" ><div\n\t\t\t\n\t\t\tclass=\"so-widget-sow-button so-widget-sow-button-flat-12cff5277bd3-7429\"\n\t\t\t\n\t\t><div class=\"ow-button-base ow-button-align-center\"\n>\n\t\t\t<a\n\t\t\t\t\thref=\"https:\/\/api.whatsapp.com\/send\/?phone=8613711168824&#038;text=https%3A%2F%2Fwww.trencahk.com%2F&#038;type=phone_number&#038;app_absent=0\"\n\t\t\t\t\tclass=\"sowb-button ow-icon-placement-left ow-button-hover\" target=\"_blank\" rel=\"noopener noreferrer\" \t>\n\t\t<span>\n\t\t\t\n\t\t\tDiscutez maintenant !\t\t<\/span>\n\t\t\t<\/a>\n\t<\/div>\n<\/div><\/div><div id=\"panel-7429-1-0-2\" class=\"so-panel widget widget_sow-image panel-last-child\" data-index=\"3\" ><div\n\t\t\t\n\t\t\tclass=\"so-widget-sow-image so-widget-sow-image-default-bd1185e8e8f4-7429\"\n\t\t\t\n\t\t>\n<div class=\"sow-image-container\">\n\t\t<img decoding=\"async\" src=\"https:\/\/www.trencahk.com\/wp-content\/uploads\/2025\/06\/\u9996\u9875\u80cc\u666f\u56fe.jpg\" width=\"1920\" height=\"1200\" srcset=\"https:\/\/www.trencahk.com\/wp-content\/uploads\/2025\/06\/\u9996\u9875\u80cc\u666f\u56fe.jpg 1920w, https:\/\/www.trencahk.com\/wp-content\/uploads\/2025\/06\/\u9996\u9875\u80cc\u666f\u56fe-768x480.jpg 768w, https:\/\/www.trencahk.com\/wp-content\/uploads\/2025\/06\/\u9996\u9875\u80cc\u666f\u56fe-1536x960.jpg 1536w, https:\/\/www.trencahk.com\/wp-content\/uploads\/2025\/06\/\u9996\u9875\u80cc\u666f\u56fe-600x375.jpg 600w\" sizes=\"(max-width: 1920px) 100vw, 1920px\" title=\"Image de fond de la page d\u2019accueil\" alt=\"\" class=\"so-widget-image\">\n\t<\/div>\n\n<\/div><\/div><\/div><div id=\"pgc-7429-1-1\"  class=\"panel-grid-cell\" ><div id=\"panel-7429-1-1-0\" class=\"so-panel widget widget_sow-video panel-first-child\" data-index=\"4\" ><div\n\t\t\t\n\t\t\tclass=\"so-widget-sow-video so-widget-sow-video-default-c08170c47cfb-7429\"\n\t\t\t\n\t\t>\n<div class=\"sow-video-wrapper\n use-fitvids\">\n\t\t\t<iframe title=\"TRENCAHK  CURTAIN ROD \/CURTAIN TRACK\/WINDOW BLINDS FACTORY\" width=\"1140\" height=\"641\" src=\"https:\/\/www.youtube.com\/embed\/kOP3d8g-S5E?feature=oembed&autoplay=1&mute=1&playlist=kOP3d8g-S5E&loop=1&enablejsapi=1\" frameborder=\"0\" allow=\"accelerometer; autoplay; clipboard-write; encrypted-media; gyroscope; picture-in-picture; web-share\" referrerpolicy=\"strict-origin-when-cross-origin\" allowfullscreen allowfullscreen mozallowfullscreen webkitallowfullscreen sandbox=\"allow-scripts allow-same-origin allow-presentation\"><\/iframe>\t<\/div>\n<\/div><\/div><div id=\"panel-7429-1-1-1\" class=\"so-panel widget widget_sow-image\" data-index=\"5\" ><div\n\t\t\t\n\t\t\tclass=\"so-widget-sow-image so-widget-sow-image-default-8b5b6f678277-7429\"\n\t\t\t\n\t\t>\n<div class=\"sow-image-container\">\n\t\t<img decoding=\"async\" src=\"https:\/\/www.trencahk.com\/wp-content\/uploads\/2025\/06\/\u516c\u53f8\u53d1\u5c55\u5386\u7a0b11.jpg\" width=\"600\" height=\"450\" sizes=\"(max-width: 600px) 100vw, 600px\" title=\"Historique de d\u00e9veloppement de l\u2019entreprise 11\" alt=\"\" class=\"so-widget-image\">\n\t<\/div>\n\n<\/div><\/div><div id=\"panel-7429-1-1-2\" class=\"so-panel widget widget_sow-image panel-last-child\" data-index=\"6\" ><div\n\t\t\t\n\t\t\tclass=\"so-widget-sow-image so-widget-sow-image-default-8b5b6f678277-7429\"\n\t\t\t\n\t\t>\n<div class=\"sow-image-container\">\n\t\t<img decoding=\"async\" src=\"https:\/\/www.trencahk.com\/wp-content\/uploads\/2025\/06\/\u516c\u53f8\u53d1\u5c55\u5386\u7a0b.jpg\" width=\"600\" height=\"450\" sizes=\"(max-width: 600px) 100vw, 600px\" title=\"Historique de d\u00e9veloppement de l\u2019entreprise\" alt=\"\" class=\"so-widget-image\">\n\t<\/div>\n\n<\/div><\/div><\/div><\/div><\/div><div id=\"pg-7429-2\"  class=\"panel-grid panel-has-style\" ><div class=\"siteorigin-panels-stretch panel-row-style panel-row-style-for-7429-2\" data-stretch-type=\"full\" ><div id=\"pgc-7429-2-0\"  class=\"panel-grid-cell\" ><div id=\"panel-7429-2-0-0\" class=\"so-panel widget widget_sow-headline panel-first-child\" data-index=\"7\" ><div\n\t\t\t\n\t\t\tclass=\"so-widget-sow-headline so-widget-sow-headline-default-7c20d03a8957-7429\"\n\t\t\t\n\t\t><div class=\"sow-headline-container \">\n\t\t\t\t\t\t\t<h1 class=\"sow-headline\">\n\t\t\t\t\t\tNotre service\t\t\t\t\t\t<\/h1>\n\t\t\t\t\t\t\t\t\t\t\t<div class=\"decoration\">\n\t\t\t\t\t\t<div class=\"decoration-inside\"><\/div>\n\t\t\t\t\t<\/div>\n\t\t\t\t\t<\/div>\n<\/div><\/div><div id=\"panel-7429-2-0-1\" class=\"so-panel widget widget_sow-features panel-last-child\" data-index=\"8\" ><div\n\t\t\t\n\t\t\tclass=\"so-widget-sow-features so-widget-sow-features-default-69f7b1e6cfd2-7429\"\n\t\t\t\n\t\t><ul\n\tclass=\"sow-features-list\n\tsow-features-responsive\">\n\n\t\t\t<li\n\t\t\tclass=\"sow-features-feature sow-icon-container-position-top\"\n\t\t\tstyle=\"display: flex; flex-direction: column; width: calc(50% - 25px);\"\n\t\t>\n\t\t\t\n\t\t\t\t\t\t<div\t\t\t\tclass=\"sow-icon-container sow-container-none\"\n\t\t\t\tstyle=\"color: #404040; \"\n\t\t\t\t\n\t\t\t\t\t\t\t>\n\t\t\t\t<span class=\"sow-icon-fontawesome sow-fas\" data-sow-icon=\"&#xf1b3;\"\n\t\tstyle=\"font-size: 50px; color: #000000\" \n\t\taria-hidden=\"true\"><\/span>\t\t\t<\/div>\n\n\t\t\t<div class=\"textwidget\">\n\t\t\t\t\n\t\t\t\t\t\t\t\t\t<h5 class=\"sow-features-feature-title\">\n\t\t\t\t\t\tExcellence de la cha\u00eene d\u2019approvisionnement\t\t\t\t\t<\/h5>\n\t\t\t\t\n\t\t\t\t\t\t\t\t\t<div class=\"sow-features-feature-text\">\n\t\t\t\t\t<p style=\"text-align: left\">S\u2019appuyant sur plus de 20 ans de partenariats industriels, nous livrons des solutions personnalis\u00e9es et rentables dans les secteurs du mobilier, de l\u2019habillage de fen\u00eatres, de la quincaillerie et de la d\u00e9coration artistique.<\/p>\n\t\t\t\t\t<\/div>\n\t\t\t\t\t\t\t\t<\/div>\n\t\t\t\t\t\t\t\t<\/li>\n\n\t\t\t<li\n\t\t\tclass=\"sow-features-feature sow-icon-container-position-top\"\n\t\t\tstyle=\"display: flex; flex-direction: column; width: calc(50% - 25px);\"\n\t\t>\n\t\t\t\n\t\t\t\t\t\t<div\t\t\t\tclass=\"sow-icon-container sow-container-none\"\n\t\t\t\tstyle=\"color: #404040; \"\n\t\t\t\t\n\t\t\t\t\t\t\t>\n\t\t\t\t<span class=\"sow-icon-fontawesome sow-far\" data-sow-icon=\"&#xf073;\"\n\t\tstyle=\"font-size: 50px; color: #000000\" \n\t\taria-hidden=\"true\"><\/span>\t\t\t<\/div>\n\n\t\t\t<div class=\"textwidget\">\n\t\t\t\t\n\t\t\t\t\t\t\t\t\t<h5 class=\"sow-features-feature-title\">\n\t\t\t\t\t\tAssurance qualit\u00e9\t\t\t\t\t<\/h5>\n\t\t\t\t\n\t\t\t\t\t\t\t\t\t<div class=\"sow-features-feature-text\">\n\t\t\t\t\t<p>Audits d\u2019usines par des tiers professionnels et inspections de produits pour garantir la conformit\u00e9 aux normes internationales.<\/p>\n\t\t\t\t\t<\/div>\n\t\t\t\t\t\t\t\t<\/div>\n\t\t\t\t\t\t\t\t<\/li>\n\n\t\t\t<li\n\t\t\tclass=\"sow-features-feature sow-icon-container-position-top\"\n\t\t\tstyle=\"display: flex; flex-direction: column; width: calc(50% - 25px);\"\n\t\t>\n\t\t\t\n\t\t\t\t\t\t<div\t\t\t\tclass=\"sow-icon-container sow-container-none\"\n\t\t\t\tstyle=\"color: #404040; \"\n\t\t\t\t\n\t\t\t\t\t\t\t>\n\t\t\t\t<span class=\"sow-icon-fontawesome sow-far\" data-sow-icon=\"&#xf044;\"\n\t\tstyle=\"font-size: 50px; color: #000000\" \n\t\taria-hidden=\"true\"><\/span>\t\t\t<\/div>\n\n\t\t\t<div class=\"textwidget\">\n\t\t\t\t\n\t\t\t\t\t\t\t\t\t<h5 class=\"sow-features-feature-title\">\n\t\t\t\t\t\tInt\u00e9gration des ressources\t\t\t\t\t<\/h5>\n\t\t\t\t\n\t\t\t\t\t\t\t\t\t<div class=\"sow-features-feature-text\">\n\t\t\t\t\t<p>Expertise dans la consolidation de commandes multi-cat\u00e9gories, simplifiant l\u2019approvisionnement pour les clients ayant des besoins de produits diversifi\u00e9s.<\/p>\n\t\t\t\t\t<\/div>\n\t\t\t\t\t\t\t\t<\/div>\n\t\t\t\t\t\t\t\t<\/li>\n\n\t\t\t<li\n\t\t\tclass=\"sow-features-feature sow-icon-container-position-top\"\n\t\t\tstyle=\"display: flex; flex-direction: column; width: calc(50% - 25px);\"\n\t\t>\n\t\t\t\n\t\t\t\t\t\t<div\t\t\t\tclass=\"sow-icon-container sow-container-none\"\n\t\t\t\tstyle=\"color: #404040; \"\n\t\t\t\t\n\t\t\t\t\t\t\t>\n\t\t\t\t<span class=\"sow-icon-fontawesome sow-far\" data-sow-icon=\"&#xf164;\"\n\t\tstyle=\"font-size: 50px; color: #000000\" \n\t\taria-hidden=\"true\"><\/span>\t\t\t<\/div>\n\n\t\t\t<div class=\"textwidget\">\n\t\t\t\t\n\t\t\t\t\t\t\t\t\t<h5 class=\"sow-features-feature-title\">\n\t\t\t\t\t\tR&amp;D innovante\t\t\t\t\t<\/h5>\n\t\t\t\t\n\t\t\t\t\t\t\t\t\t<div class=\"sow-features-feature-text\">\n\t\t\t\t\t<p>Nos \u00e9quipes de conception internes collaborent \u00e9troitement avec les clients pour optimiser les produits existants et d\u00e9velopper des innovations ax\u00e9es sur le march\u00e9, en particulier dans le mobilier et les syst\u00e8mes de rails \u00e0 rideaux.<\/p>\n\t\t\t\t\t<\/div>\n\t\t\t\t\t\t\t\t<\/div>\n\t\t\t\t\t\t\t\t<\/li>\n\n\t<\/ul>\n<\/div><\/div><\/div><\/div><\/div><\/div>","protected":false},"excerpt":{"rendered":"<p>Trenca International Limited Trenca International Limited est un leader mondial de confiance poss\u00e9dant plus de 20 ans d\u2019expertise dans l\u2019industrie de la d\u00e9coration int\u00e9rieure. Depuis notre cr\u00e9ation en 2002, nous avons b\u00e2ti une solide pr\u00e9sence internationale, en nous d\u00e9veloppant sur le march\u00e9 africain en 2008 et sur le march\u00e9 europ\u00e9en en 2011. Bas\u00e9s \u00e0 Hong [&hellip;]<\/p>\n","protected":false},"author":1,"featured_media":0,"parent":0,"menu_order":0,"comment_status":"closed","ping_status":"closed","template":"","meta":{"footnotes":""},"class_list":["post-7429","page","type-page","status-publish","hentry","post"],"_links":{"self":[{"href":"https:\/\/www.trencahk.com\/fr\/wp-json\/wp\/v2\/pages\/7429","targetHints":{"allow":["GET"]}}],"collection":[{"href":"https:\/\/www.trencahk.com\/fr\/wp-json\/wp\/v2\/pages"}],"about":[{"href":"https:\/\/www.trencahk.com\/fr\/wp-json\/wp\/v2\/types\/page"}],"author":[{"embeddable":true,"href":"https:\/\/www.trencahk.com\/fr\/wp-json\/wp\/v2\/users\/1"}],"replies":[{"embeddable":true,"href":"https:\/\/www.trencahk.com\/fr\/wp-json\/wp\/v2\/comments?post=7429"}],"version-history":[{"count":0,"href":"https:\/\/www.trencahk.com\/fr\/wp-json\/wp\/v2\/pages\/7429\/revisions"}],"wp:attachment":[{"href":"https:\/\/www.trencahk.com\/fr\/wp-json\/wp\/v2\/media?parent=7429"}],"curies":[{"name":"wp","href":"https:\/\/api.w.org\/{rel}","templated":true}]}}