{"id":7195,"date":"2021-09-05T10:44:58","date_gmt":"2021-09-05T10:44:58","guid":{"rendered":"https:\/\/www.trencahk.com\/panier\/"},"modified":"2026-04-07T07:39:23","modified_gmt":"2026-04-07T07:39:23","slug":"panier","status":"publish","type":"page","link":"https:\/\/www.trencahk.com\/fr\/panier\/","title":{"rendered":"Panier"},"content":{"rendered":"\n<div data-block-name=\"woocommerce\/cart\" class=\"wp-block-woocommerce-cart alignwide is-loading\">\n<div data-block-name=\"woocommerce\/filled-cart-block\" class=\"wp-block-woocommerce-filled-cart-block\">\n<div data-block-name=\"woocommerce\/cart-items-block\" class=\"wp-block-woocommerce-cart-items-block\">\n<div data-block-name=\"woocommerce\/cart-line-items-block\" class=\"wp-block-woocommerce-cart-line-items-block\"><\/div>\n\n\n<\/div>\n\n\n\n\n<div data-block-name=\"woocommerce\/cart-totals-block\" class=\"wp-block-woocommerce-cart-totals-block\">\n<div data-block-name=\"woocommerce\/cart-order-summary-block\" class=\"wp-block-woocommerce-cart-order-summary-block\">\n<div data-block-name=\"woocommerce\/cart-order-summary-heading-block\" class=\"wp-block-woocommerce-cart-order-summary-heading-block\"><\/div><div data-block-name=\"woocommerce\/cart-order-summary-coupon-form-block\" class=\"wp-block-woocommerce-cart-order-summary-coupon-form-block\"><\/div><div data-block-name=\"woocommerce\/cart-order-summary-totals-block\" class=\"wp-block-woocommerce-cart-order-summary-totals-block\">\n<div data-block-name=\"woocommerce\/cart-order-summary-subtotal-block\" class=\"wp-block-woocommerce-cart-order-summary-subtotal-block\"><\/div>\n<div data-block-name=\"woocommerce\/cart-order-summary-discount-block\" class=\"wp-block-woocommerce-cart-order-summary-discount-block\"><\/div>\n<div data-block-name=\"woocommerce\/cart-order-summary-fee-block\" class=\"wp-block-woocommerce-cart-order-summary-fee-block\"><\/div>\n<div data-block-name=\"woocommerce\/cart-order-summary-shipping-block\" class=\"wp-block-woocommerce-cart-order-summary-shipping-block\"><\/div>\n<div data-block-name=\"woocommerce\/cart-order-summary-taxes-block\" class=\"wp-block-woocommerce-cart-order-summary-taxes-block\"><\/div><\/div>\n<\/div>\n\n\n\n<div data-block-name=\"woocommerce\/cart-express-payment-block\" class=\"wp-block-woocommerce-cart-express-payment-block\"><\/div>\n\n\n\n<div data-block-name=\"woocommerce\/proceed-to-checkout-block\" class=\"wp-block-woocommerce-proceed-to-checkout-block\"><\/div>\n\n\n\n<div data-block-name=\"woocommerce\/cart-accepted-payment-methods-block\" class=\"wp-block-woocommerce-cart-accepted-payment-methods-block\"><\/div>\n<\/div>\n<\/div>\n\n\n\n<div data-block-name=\"woocommerce\/empty-cart-block\" class=\"wp-block-woocommerce-empty-cart-block\">\n<h2 class=\"wp-block-heading has-text-align-center with-empty-cart-icon wc-block-cart__empty-cart__title\">Votre panier est actuellement vide\u00a0!<\/h2>\n\n\n\n<hr class=\"wp-block-separator has-alpha-channel-opacity is-style-dots\"\/>\n\n\n\n<h2 class=\"wp-block-heading has-text-align-center\">Nouveau dans la boutique<\/h2>\n\n\n<div data-block-name=\"woocommerce\/product-new\" data-columns=\"4\" data-rows=\"1\" class=\"wc-block-grid wp-block-product-new wp-block-woocommerce-product-new wc-block-product-new has-4-columns\"><ul class=\"wc-block-grid__products\"><li class=\"wc-block-grid__product\">\n\t\t\t\t<a href=\"https:\/\/www.trencahk.com\/fr\/rail-pour-store-bateau-tts045\/\" class=\"wc-block-grid__product-link\">\n\t\t\t\t\t\n\t\t\t\t\t<div class=\"wc-block-grid__product-image\"><img decoding=\"async\" width=\"300\" height=\"300\" src=\"https:\/\/www.trencahk.com\/wp-content\/uploads\/2026\/04\/1-13-300x300.jpg\" class=\"attachment-woocommerce_thumbnail size-woocommerce_thumbnail\" alt=\"TTS045 Roman Blind Curtain Track\" srcset=\"https:\/\/www.trencahk.com\/wp-content\/uploads\/2026\/04\/1-13-300x300.jpg 300w, https:\/\/www.trencahk.com\/wp-content\/uploads\/2026\/04\/1-13-768x768.jpg 768w, https:\/\/www.trencahk.com\/wp-content\/uploads\/2026\/04\/1-13-1536x1536.jpg 1536w, https:\/\/www.trencahk.com\/wp-content\/uploads\/2026\/04\/1-13-2048x2048.jpg 2048w, https:\/\/www.trencahk.com\/wp-content\/uploads\/2026\/04\/1-13-500x500.jpg 500w, https:\/\/www.trencahk.com\/wp-content\/uploads\/2026\/04\/1-13-600x600.jpg 600w, https:\/\/www.trencahk.com\/wp-content\/uploads\/2026\/04\/1-13-150x150.jpg 150w, https:\/\/www.trencahk.com\/wp-content\/uploads\/2026\/04\/1-13-375x375.jpg 375w\" sizes=\"(max-width: 300px) 100vw, 300px\" title=\"\"><\/div>\n\t\t\t\t\t<div class=\"wc-block-grid__product-title\">Rail pour store bateau TTS045<\/div>\n\t\t\t\t<\/a>\n\t\t\t\t<div class=\"wc-block-grid__product-price price\"><\/div>\n\t\t\t\t\n\t\t\t\t<div class=\"wp-block-button wc-block-grid__product-add-to-cart\"><a href=\"https:\/\/www.trencahk.com\/fr\/rail-pour-store-bateau-tts045\/\" aria-label=\"En savoir plus sur &ldquo;Rail pour store bateau TTS045&rdquo;\" data-quantity=\"1\" data-product_id=\"7696\" data-product_sku=\"\" data-price=\"0\" rel=\"nofollow\" class=\"wp-block-button__link  add_to_cart_button\">Lire la suite<\/a><\/div>\n\t\t\t<\/li><li class=\"wc-block-grid__product\">\n\t\t\t\t<a href=\"https:\/\/www.trencahk.com\/fr\/tts058-rail-a-rideaux-a-roulement-a-billes-silencieux\/\" class=\"wc-block-grid__product-link\">\n\t\t\t\t\t\n\t\t\t\t\t<div class=\"wc-block-grid__product-image\"><img decoding=\"async\" width=\"300\" height=\"300\" src=\"https:\/\/www.trencahk.com\/wp-content\/uploads\/2026\/04\/1-12-300x300.jpg\" class=\"attachment-woocommerce_thumbnail size-woocommerce_thumbnail\" alt=\"TTS058 Silent Ball Bearing Curtain Track\" srcset=\"https:\/\/www.trencahk.com\/wp-content\/uploads\/2026\/04\/1-12-300x300.jpg 300w, https:\/\/www.trencahk.com\/wp-content\/uploads\/2026\/04\/1-12-768x768.jpg 768w, https:\/\/www.trencahk.com\/wp-content\/uploads\/2026\/04\/1-12-1536x1536.jpg 1536w, https:\/\/www.trencahk.com\/wp-content\/uploads\/2026\/04\/1-12-2048x2048.jpg 2048w, https:\/\/www.trencahk.com\/wp-content\/uploads\/2026\/04\/1-12-500x500.jpg 500w, https:\/\/www.trencahk.com\/wp-content\/uploads\/2026\/04\/1-12-600x600.jpg 600w, https:\/\/www.trencahk.com\/wp-content\/uploads\/2026\/04\/1-12-150x150.jpg 150w, https:\/\/www.trencahk.com\/wp-content\/uploads\/2026\/04\/1-12-375x375.jpg 375w\" sizes=\"(max-width: 300px) 100vw, 300px\" title=\"\"><\/div>\n\t\t\t\t\t<div class=\"wc-block-grid__product-title\">TTS058 Rail \u00e0 rideaux \u00e0 roulement \u00e0 billes silencieux<\/div>\n\t\t\t\t<\/a>\n\t\t\t\t<div class=\"wc-block-grid__product-price price\"><\/div>\n\t\t\t\t\n\t\t\t\t<div class=\"wp-block-button wc-block-grid__product-add-to-cart\"><a href=\"https:\/\/www.trencahk.com\/fr\/tts058-rail-a-rideaux-a-roulement-a-billes-silencieux\/\" aria-label=\"En savoir plus sur &ldquo;TTS058 Rail \u00e0 rideaux \u00e0 roulement \u00e0 billes silencieux&rdquo;\" data-quantity=\"1\" data-product_id=\"7704\" data-product_sku=\"\" data-price=\"0\" rel=\"nofollow\" class=\"wp-block-button__link  add_to_cart_button\">Lire la suite<\/a><\/div>\n\t\t\t<\/li><li class=\"wc-block-grid__product\">\n\t\t\t\t<a href=\"https:\/\/www.trencahk.com\/fr\/thip010-crochet-a-rideau-chic-a-texture-spirale\/\" class=\"wc-block-grid__product-link\">\n\t\t\t\t\t\n\t\t\t\t\t<div class=\"wc-block-grid__product-image\"><img decoding=\"async\" width=\"300\" height=\"300\" src=\"https:\/\/www.trencahk.com\/wp-content\/uploads\/2026\/04\/1-9-300x300.jpg\" class=\"attachment-woocommerce_thumbnail size-woocommerce_thumbnail\" alt=\"THIP010 Chic Spiral Texture Curtain Hook\" srcset=\"https:\/\/www.trencahk.com\/wp-content\/uploads\/2026\/04\/1-9-300x300.jpg 300w, https:\/\/www.trencahk.com\/wp-content\/uploads\/2026\/04\/1-9-500x500.jpg 500w, https:\/\/www.trencahk.com\/wp-content\/uploads\/2026\/04\/1-9-150x150.jpg 150w, https:\/\/www.trencahk.com\/wp-content\/uploads\/2026\/04\/1-9-375x375.jpg 375w, https:\/\/www.trencahk.com\/wp-content\/uploads\/2026\/04\/1-9.jpg 600w\" sizes=\"(max-width: 300px) 100vw, 300px\" title=\"\"><\/div>\n\t\t\t\t\t<div class=\"wc-block-grid__product-title\">THIP010 Crochet \u00e0 rideau chic \u00e0 texture spirale<\/div>\n\t\t\t\t<\/a>\n\t\t\t\t<div class=\"wc-block-grid__product-price price\"><\/div>\n\t\t\t\t\n\t\t\t\t<div class=\"wp-block-button wc-block-grid__product-add-to-cart\"><a href=\"https:\/\/www.trencahk.com\/fr\/thip010-crochet-a-rideau-chic-a-texture-spirale\/\" aria-label=\"En savoir plus sur &ldquo;THIP010 Crochet \u00e0 rideau chic \u00e0 texture spirale&rdquo;\" data-quantity=\"1\" data-product_id=\"7708\" data-product_sku=\"\" data-price=\"0\" rel=\"nofollow\" class=\"wp-block-button__link  add_to_cart_button\">Lire la suite<\/a><\/div>\n\t\t\t<\/li><li class=\"wc-block-grid__product\">\n\t\t\t\t<a href=\"https:\/\/www.trencahk.com\/fr\/thip009-crochet-de-rideau-emboitable-elegant\/\" class=\"wc-block-grid__product-link\">\n\t\t\t\t\t\n\t\t\t\t\t<div class=\"wc-block-grid__product-image\"><img decoding=\"async\" width=\"300\" height=\"300\" src=\"https:\/\/www.trencahk.com\/wp-content\/uploads\/2026\/04\/1-8-300x300.jpg\" class=\"attachment-woocommerce_thumbnail size-woocommerce_thumbnail\" alt=\"THIP009 Elegant Interlocking Curtain Hook\" srcset=\"https:\/\/www.trencahk.com\/wp-content\/uploads\/2026\/04\/1-8-300x300.jpg 300w, https:\/\/www.trencahk.com\/wp-content\/uploads\/2026\/04\/1-8-500x500.jpg 500w, https:\/\/www.trencahk.com\/wp-content\/uploads\/2026\/04\/1-8-150x150.jpg 150w, https:\/\/www.trencahk.com\/wp-content\/uploads\/2026\/04\/1-8-375x375.jpg 375w, https:\/\/www.trencahk.com\/wp-content\/uploads\/2026\/04\/1-8.jpg 600w\" sizes=\"(max-width: 300px) 100vw, 300px\" title=\"\"><\/div>\n\t\t\t\t\t<div class=\"wc-block-grid__product-title\">THIP009 Crochet de rideau embo\u00eetable \u00e9l\u00e9gant<\/div>\n\t\t\t\t<\/a>\n\t\t\t\t<div class=\"wc-block-grid__product-price price\"><\/div>\n\t\t\t\t\n\t\t\t\t<div class=\"wp-block-button wc-block-grid__product-add-to-cart\"><a href=\"https:\/\/www.trencahk.com\/fr\/thip009-crochet-de-rideau-emboitable-elegant\/\" aria-label=\"En savoir plus sur &ldquo;THIP009 Crochet de rideau embo\u00eetable \u00e9l\u00e9gant&rdquo;\" data-quantity=\"1\" data-product_id=\"7723\" data-product_sku=\"\" data-price=\"0\" rel=\"nofollow\" class=\"wp-block-button__link  add_to_cart_button\">Lire la suite<\/a><\/div>\n\t\t\t<\/li><\/ul><\/div><\/div>\n<\/div>\n","protected":false},"excerpt":{"rendered":"","protected":false},"author":1,"featured_media":0,"parent":0,"menu_order":0,"comment_status":"closed","ping_status":"closed","template":"","meta":{"footnotes":""},"class_list":["post-7195","page","type-page","status-publish","hentry","post"],"_links":{"self":[{"href":"https:\/\/www.trencahk.com\/fr\/wp-json\/wp\/v2\/pages\/7195","targetHints":{"allow":["GET"]}}],"collection":[{"href":"https:\/\/www.trencahk.com\/fr\/wp-json\/wp\/v2\/pages"}],"about":[{"href":"https:\/\/www.trencahk.com\/fr\/wp-json\/wp\/v2\/types\/page"}],"author":[{"embeddable":true,"href":"https:\/\/www.trencahk.com\/fr\/wp-json\/wp\/v2\/users\/1"}],"replies":[{"embeddable":true,"href":"https:\/\/www.trencahk.com\/fr\/wp-json\/wp\/v2\/comments?post=7195"}],"version-history":[{"count":0,"href":"https:\/\/www.trencahk.com\/fr\/wp-json\/wp\/v2\/pages\/7195\/revisions"}],"wp:attachment":[{"href":"https:\/\/www.trencahk.com\/fr\/wp-json\/wp\/v2\/media?parent=7195"}],"curies":[{"name":"wp","href":"https:\/\/api.w.org\/{rel}","templated":true}]}}