{"id":7419,"date":"2020-07-08T06:00:02","date_gmt":"2020-07-08T06:00:02","guid":{"rendered":"https:\/\/www.trencahk.com\/sobre-trenca\/"},"modified":"2020-07-08T06:00:02","modified_gmt":"2020-07-08T06:00:02","slug":"sobre-trenca","status":"publish","type":"page","link":"https:\/\/www.trencahk.com\/es\/sobre-trenca\/","title":{"rendered":"Sobre Trenca"},"content":{"rendered":"<div id=\"pl-7419\"  class=\"panel-layout\" ><div id=\"pg-7419-0\"  class=\"panel-grid panel-has-style\" ><div class=\"siteorigin-panels-stretch panel-row-style panel-row-style-for-7419-0\" data-stretch-type=\"full-width-stretch\" ><div id=\"pgc-7419-0-0\"  class=\"panel-grid-cell\" ><div id=\"panel-7419-0-0-0\" class=\"so-panel widget widget_sow-hero panel-first-child panel-last-child\" data-index=\"0\" ><div\n\t\t\t\n\t\t\tclass=\"so-widget-sow-hero so-widget-sow-hero-default-6e283e92799f-7419 so-widget-fittext-wrapper\"\n\t\t\t data-fit-text-compressor=\"0.85\"\n\t\t>\t\t\t\t<div class=\"sow-slider-base\" style=\"display: none\" tabindex=\"0\">\n\t\t\t\t\t<ul\n\t\t\t\t\tclass=\"sow-slider-images\"\n\t\t\t\t\tdata-settings=\"{&quot;pagination&quot;:true,&quot;speed&quot;:800,&quot;timeout&quot;:8000,&quot;paused&quot;:false,&quot;pause_on_hover&quot;:false,&quot;swipe&quot;:true,&quot;nav_always_show_desktop&quot;:&quot;&quot;,&quot;nav_always_show_mobile&quot;:true,&quot;breakpoint&quot;:&quot;780px&quot;,&quot;unmute&quot;:false,&quot;anchor&quot;:null}\"\n\t\t\t\t\t\t\t\t\t\tdata-anchor-id=\"\"\n\t\t\t\t>\t\t<li class=\"sow-slider-image  sow-slider-image-cover\" style=\"visibility: visible;;background-color: #333333\" >\n\t\t\t\t\t<div class=\"sow-slider-image-container\">\n\t\t\t<div class=\"sow-slider-image-wrapper\">\n\t\t\t\t<h1 style=\"text-align: center\">SOBRE NOSOTROS<\/h1>\t\t\t<\/div>\n\t\t<\/div>\n\t\t<div class=\"sow-slider-image-overlay sow-slider-image-cover\" style=\"opacity: 0.5;background-image: url(https:\/\/www.trencahk.com\/wp-content\/uploads\/2025\/06\/\u9996\u9875.jpg)\"  ><\/div>\t\t<\/li>\n\t\t<\/ul>\t\t\t\t<ol class=\"sow-slider-pagination\">\n\t\t\t\t\t\t\t\t\t\t\t<li><a href=\"#\" data-goto=\"0\" aria-label=\"mostrar diapositiva 1\"><\/a><\/li>\n\t\t\t\t\t\t\t\t\t<\/ol>\n\n\t\t\t\t<div class=\"sow-slide-nav sow-slide-nav-next\">\n\t\t\t\t\t<a href=\"#\" data-goto=\"next\" aria-label=\"diapositiva siguiente\" data-action=\"next\">\n\t\t\t\t\t\t<em class=\"sow-sld-icon-thin-right\"><\/em>\n\t\t\t\t\t<\/a>\n\t\t\t\t<\/div>\n\n\t\t\t\t<div class=\"sow-slide-nav sow-slide-nav-prev\">\n\t\t\t\t\t<a href=\"#\" data-goto=\"previous\" aria-label=\"diapositiva anterior\" data-action=\"prev\">\n\t\t\t\t\t\t<em class=\"sow-sld-icon-thin-left\"><\/em>\n\t\t\t\t\t<\/a>\n\t\t\t\t<\/div>\n\t\t\t\t<\/div><\/div><\/div><\/div><\/div><\/div><div id=\"pg-7419-1\"  class=\"panel-grid panel-has-style\" ><div class=\"siteorigin-panels-stretch panel-row-style panel-row-style-for-7419-1\" data-stretch-type=\"full\" ><div id=\"pgc-7419-1-0\"  class=\"panel-grid-cell\" ><div id=\"panel-7419-1-0-0\" class=\"so-panel widget widget_sow-editor panel-first-child\" data-index=\"1\" ><div\n\t\t\t\n\t\t\tclass=\"so-widget-sow-editor so-widget-sow-editor-base\"\n\t\t\t\n\t\t>\n<div class=\"siteorigin-widget-tinymce textwidget\">\n\t<h2><strong><b>Trenca International Limited<\/b><\/strong><\/h2>\n<p><b>Trenca International Limited<\/b> es un l\u00edder de confianza mundial con m\u00e1s de 20 a\u00f1os de experiencia en el sector de la decoraci\u00f3n del hogar. Desde nuestra fundaci\u00f3n en 2002, hemos consolidado una s\u00f3lida presencia internacional, expandi\u00e9ndonos al mercado africano en 2008 y al mercado europeo en 2011. <\/p>\n<p>Con sede en Hong Kong, nos especializamos en ofrecer soluciones OEM\/ODM de alta calidad y servicios integrales, desde el dise\u00f1o y el I+D hasta la fabricaci\u00f3n, la log\u00edstica y el soporte t\u00e9cnico. Nuestras potentes capacidades de fabricaci\u00f3n integradas verticalmente garantizan un proceso fluido y nos permiten ofrecer dos ventajas clave a nuestros clientes: <\/p>\n<ol start=\"1\">\n<li>Suministro mayorista robusto: Nuestras propias f\u00e1bricas garantizan una capacidad amplia para satisfacer pedidos de gran volumen con estabilidad y eficiencia.<\/li>\n<li>Personalizaci\u00f3n excepcional: Respaldados por nuestro departamento de dise\u00f1o especializado y l\u00edneas de producci\u00f3n integrales, proporcionamos soluciones personalizadas de principio a fin adaptadas a sus especificaciones \u00fanicas.<\/li>\n<\/ol>\n<h3>Nuestras l\u00edneas de productos principales<\/h3>\n<p>Nos especializamos en dos l\u00edneas de productos principales, ofreciendo una gama completa de productos de decoraci\u00f3n para el hogar centrados en:<\/p>\n<ul>\n<li><b>Tratamientos para ventanas:<\/b> Somos un socio de confianza para <b>barras de cortina<\/b> (incluyendo herrajes y accesorios) y <b>rieles de cortina<\/b> (incluyendo componentes).<\/li>\n<li><b>Otros art\u00edculos esenciales para el hogar:<\/b> Proporcionamos decoraci\u00f3n innovadora y accesorios funcionales dise\u00f1ados para satisfacer las tendencias del mercado.<\/li>\n<\/ul>\n<p>Con nuestra dilatada experiencia y potentes capacidades, nos comprometemos a ser un socio fiable a trav\u00e9s de nuestras s\u00f3lidas soluciones mayoristas y servicios de personalizaci\u00f3n flexibles.<\/p>\n<\/div>\n<\/div><\/div><div id=\"panel-7419-1-0-1\" class=\"so-panel widget widget_sow-button\" data-index=\"2\" ><div\n\t\t\t\n\t\t\tclass=\"so-widget-sow-button so-widget-sow-button-flat-12cff5277bd3-7419\"\n\t\t\t\n\t\t><div class=\"ow-button-base ow-button-align-center\"\n>\n\t\t\t<a\n\t\t\t\t\thref=\"https:\/\/api.whatsapp.com\/send\/?phone=8613711168824&#038;text=https%3A%2F%2Fwww.trencahk.com%2F&#038;type=phone_number&#038;app_absent=0\"\n\t\t\t\t\tclass=\"sowb-button ow-icon-placement-left ow-button-hover\" target=\"_blank\" rel=\"noopener noreferrer\" \t>\n\t\t<span>\n\t\t\t\n\t\t\t\u00a1Chatee ahora!\t\t<\/span>\n\t\t\t<\/a>\n\t<\/div>\n<\/div><\/div><div id=\"panel-7419-1-0-2\" class=\"so-panel widget widget_sow-image panel-last-child\" data-index=\"3\" ><div\n\t\t\t\n\t\t\tclass=\"so-widget-sow-image so-widget-sow-image-default-bd1185e8e8f4-7419\"\n\t\t\t\n\t\t>\n<div class=\"sow-image-container\">\n\t\t<img decoding=\"async\" src=\"https:\/\/www.trencahk.com\/wp-content\/uploads\/2025\/06\/\u9996\u9875\u80cc\u666f\u56fe.jpg\" width=\"1920\" height=\"1200\" srcset=\"https:\/\/www.trencahk.com\/wp-content\/uploads\/2025\/06\/\u9996\u9875\u80cc\u666f\u56fe.jpg 1920w, https:\/\/www.trencahk.com\/wp-content\/uploads\/2025\/06\/\u9996\u9875\u80cc\u666f\u56fe-768x480.jpg 768w, https:\/\/www.trencahk.com\/wp-content\/uploads\/2025\/06\/\u9996\u9875\u80cc\u666f\u56fe-1536x960.jpg 1536w, https:\/\/www.trencahk.com\/wp-content\/uploads\/2025\/06\/\u9996\u9875\u80cc\u666f\u56fe-600x375.jpg 600w\" sizes=\"(max-width: 1920px) 100vw, 1920px\" alt=\"\" class=\"so-widget-image\" title=\"\">\n\t<\/div>\n\n<\/div><\/div><\/div><div id=\"pgc-7419-1-1\"  class=\"panel-grid-cell\" ><div id=\"panel-7419-1-1-0\" class=\"so-panel widget widget_sow-video panel-first-child\" data-index=\"4\" ><div\n\t\t\t\n\t\t\tclass=\"so-widget-sow-video so-widget-sow-video-default-c08170c47cfb-7419\"\n\t\t\t\n\t\t>\n<div class=\"sow-video-wrapper\n use-fitvids\">\n\t\t\t<iframe title=\"TRENCAHK  CURTAIN ROD \/CURTAIN TRACK\/WINDOW BLINDS FACTORY\" width=\"1140\" height=\"641\" src=\"https:\/\/www.youtube.com\/embed\/kOP3d8g-S5E?feature=oembed&autoplay=1&mute=1&playlist=kOP3d8g-S5E&loop=1&enablejsapi=1\" frameborder=\"0\" allow=\"accelerometer; autoplay; clipboard-write; encrypted-media; gyroscope; picture-in-picture; web-share\" referrerpolicy=\"strict-origin-when-cross-origin\" allowfullscreen allowfullscreen mozallowfullscreen webkitallowfullscreen sandbox=\"allow-scripts allow-same-origin allow-presentation\"><\/iframe>\t<\/div>\n<\/div><\/div><div id=\"panel-7419-1-1-1\" class=\"so-panel widget widget_sow-image\" data-index=\"5\" ><div\n\t\t\t\n\t\t\tclass=\"so-widget-sow-image so-widget-sow-image-default-8b5b6f678277-7419\"\n\t\t\t\n\t\t>\n<div class=\"sow-image-container\">\n\t\t<img decoding=\"async\" src=\"https:\/\/www.trencahk.com\/wp-content\/uploads\/2025\/06\/\u516c\u53f8\u53d1\u5c55\u5386\u7a0b11.jpg\" width=\"600\" height=\"450\" sizes=\"(max-width: 600px) 100vw, 600px\" alt=\"\" class=\"so-widget-image\" title=\"\">\n\t<\/div>\n\n<\/div><\/div><div id=\"panel-7419-1-1-2\" class=\"so-panel widget widget_sow-image panel-last-child\" data-index=\"6\" ><div\n\t\t\t\n\t\t\tclass=\"so-widget-sow-image so-widget-sow-image-default-8b5b6f678277-7419\"\n\t\t\t\n\t\t>\n<div class=\"sow-image-container\">\n\t\t<img decoding=\"async\" src=\"https:\/\/www.trencahk.com\/wp-content\/uploads\/2025\/06\/\u516c\u53f8\u53d1\u5c55\u5386\u7a0b.jpg\" width=\"600\" height=\"450\" sizes=\"(max-width: 600px) 100vw, 600px\" alt=\"\" class=\"so-widget-image\" title=\"\">\n\t<\/div>\n\n<\/div><\/div><\/div><\/div><\/div><div id=\"pg-7419-2\"  class=\"panel-grid panel-has-style\" ><div class=\"siteorigin-panels-stretch panel-row-style panel-row-style-for-7419-2\" data-stretch-type=\"full\" ><div id=\"pgc-7419-2-0\"  class=\"panel-grid-cell\" ><div id=\"panel-7419-2-0-0\" class=\"so-panel widget widget_sow-headline panel-first-child\" data-index=\"7\" ><div\n\t\t\t\n\t\t\tclass=\"so-widget-sow-headline so-widget-sow-headline-default-7c20d03a8957-7419\"\n\t\t\t\n\t\t><div class=\"sow-headline-container \">\n\t\t\t\t\t\t\t<h1 class=\"sow-headline\">\n\t\t\t\t\t\tNuestro servicio\t\t\t\t\t\t<\/h1>\n\t\t\t\t\t\t\t\t\t\t\t<div class=\"decoration\">\n\t\t\t\t\t\t<div class=\"decoration-inside\"><\/div>\n\t\t\t\t\t<\/div>\n\t\t\t\t\t<\/div>\n<\/div><\/div><div id=\"panel-7419-2-0-1\" class=\"so-panel widget widget_sow-features panel-last-child\" data-index=\"8\" ><div\n\t\t\t\n\t\t\tclass=\"so-widget-sow-features so-widget-sow-features-default-69f7b1e6cfd2-7419\"\n\t\t\t\n\t\t><ul\n\tclass=\"sow-features-list\n\tsow-features-responsive\">\n\n\t\t\t<li\n\t\t\tclass=\"sow-features-feature sow-icon-container-position-top\"\n\t\t\tstyle=\"display: flex; flex-direction: column; width: calc(50% - 25px);\"\n\t\t>\n\t\t\t\n\t\t\t\t\t\t<div\t\t\t\tclass=\"sow-icon-container sow-container-none\"\n\t\t\t\tstyle=\"color: #404040; \"\n\t\t\t\t\n\t\t\t\t\t\t\t>\n\t\t\t\t<span class=\"sow-icon-fontawesome sow-fas\" data-sow-icon=\"&#xf1b3;\"\n\t\tstyle=\"font-size: 50px; color: #000000\" \n\t\taria-hidden=\"true\"><\/span>\t\t\t<\/div>\n\n\t\t\t<div class=\"textwidget\">\n\t\t\t\t\n\t\t\t\t\t\t\t\t\t<h5 class=\"sow-features-feature-title\">\n\t\t\t\t\t\tExcelencia en la cadena de suministro\t\t\t\t\t<\/h5>\n\t\t\t\t\n\t\t\t\t\t\t\t\t\t<div class=\"sow-features-feature-text\">\n\t\t\t\t\t<p style=\"text-align: left\">Aprovechando m\u00e1s de 20 a\u00f1os de alianzas en el sector, ofrecemos soluciones rentables y personalizadas en mobiliario, tratamientos para ventanas, herrajes y decoraci\u00f3n art\u00edstica.<\/p>\n\t\t\t\t\t<\/div>\n\t\t\t\t\t\t\t\t<\/div>\n\t\t\t\t\t\t\t\t<\/li>\n\n\t\t\t<li\n\t\t\tclass=\"sow-features-feature sow-icon-container-position-top\"\n\t\t\tstyle=\"display: flex; flex-direction: column; width: calc(50% - 25px);\"\n\t\t>\n\t\t\t\n\t\t\t\t\t\t<div\t\t\t\tclass=\"sow-icon-container sow-container-none\"\n\t\t\t\tstyle=\"color: #404040; \"\n\t\t\t\t\n\t\t\t\t\t\t\t>\n\t\t\t\t<span class=\"sow-icon-fontawesome sow-far\" data-sow-icon=\"&#xf073;\"\n\t\tstyle=\"font-size: 50px; color: #000000\" \n\t\taria-hidden=\"true\"><\/span>\t\t\t<\/div>\n\n\t\t\t<div class=\"textwidget\">\n\t\t\t\t\n\t\t\t\t\t\t\t\t\t<h5 class=\"sow-features-feature-title\">\n\t\t\t\t\t\tGarant\u00eda de calidad\t\t\t\t\t<\/h5>\n\t\t\t\t\n\t\t\t\t\t\t\t\t\t<div class=\"sow-features-feature-text\">\n\t\t\t\t\t<p>Auditor\u00edas de f\u00e1brica profesionales por parte de terceros e inspecciones de productos para garantizar el cumplimiento de las normas internacionales.<\/p>\n\t\t\t\t\t<\/div>\n\t\t\t\t\t\t\t\t<\/div>\n\t\t\t\t\t\t\t\t<\/li>\n\n\t\t\t<li\n\t\t\tclass=\"sow-features-feature sow-icon-container-position-top\"\n\t\t\tstyle=\"display: flex; flex-direction: column; width: calc(50% - 25px);\"\n\t\t>\n\t\t\t\n\t\t\t\t\t\t<div\t\t\t\tclass=\"sow-icon-container sow-container-none\"\n\t\t\t\tstyle=\"color: #404040; \"\n\t\t\t\t\n\t\t\t\t\t\t\t>\n\t\t\t\t<span class=\"sow-icon-fontawesome sow-far\" data-sow-icon=\"&#xf044;\"\n\t\tstyle=\"font-size: 50px; color: #000000\" \n\t\taria-hidden=\"true\"><\/span>\t\t\t<\/div>\n\n\t\t\t<div class=\"textwidget\">\n\t\t\t\t\n\t\t\t\t\t\t\t\t\t<h5 class=\"sow-features-feature-title\">\n\t\t\t\t\t\tIntegraci\u00f3n de recursos\t\t\t\t\t<\/h5>\n\t\t\t\t\n\t\t\t\t\t\t\t\t\t<div class=\"sow-features-feature-text\">\n\t\t\t\t\t<p>Experiencia en la consolidaci\u00f3n de pedidos multicategor\u00eda, agilizando las compras para clientes con requisitos de productos diversos.<\/p>\n\t\t\t\t\t<\/div>\n\t\t\t\t\t\t\t\t<\/div>\n\t\t\t\t\t\t\t\t<\/li>\n\n\t\t\t<li\n\t\t\tclass=\"sow-features-feature sow-icon-container-position-top\"\n\t\t\tstyle=\"display: flex; flex-direction: column; width: calc(50% - 25px);\"\n\t\t>\n\t\t\t\n\t\t\t\t\t\t<div\t\t\t\tclass=\"sow-icon-container sow-container-none\"\n\t\t\t\tstyle=\"color: #404040; \"\n\t\t\t\t\n\t\t\t\t\t\t\t>\n\t\t\t\t<span class=\"sow-icon-fontawesome sow-far\" data-sow-icon=\"&#xf164;\"\n\t\tstyle=\"font-size: 50px; color: #000000\" \n\t\taria-hidden=\"true\"><\/span>\t\t\t<\/div>\n\n\t\t\t<div class=\"textwidget\">\n\t\t\t\t\n\t\t\t\t\t\t\t\t\t<h5 class=\"sow-features-feature-title\">\n\t\t\t\t\t\tI+D innovador\t\t\t\t\t<\/h5>\n\t\t\t\t\n\t\t\t\t\t\t\t\t\t<div class=\"sow-features-feature-text\">\n\t\t\t\t\t<p>Nuestros equipos de dise\u00f1o internos colaboran estrechamente con los clientes para optimizar los productos existentes y desarrollar innovaciones orientadas al mercado, especialmente en mobiliario y sistemas de rieles para cortinas.<\/p>\n\t\t\t\t\t<\/div>\n\t\t\t\t\t\t\t\t<\/div>\n\t\t\t\t\t\t\t\t<\/li>\n\n\t<\/ul>\n<\/div><\/div><\/div><\/div><\/div><\/div>","protected":false},"excerpt":{"rendered":"<p>Trenca International Limited Trenca International Limited es un l\u00edder de confianza mundial con m\u00e1s de 20 a\u00f1os de experiencia en el sector de la decoraci\u00f3n del hogar. Desde nuestra fundaci\u00f3n en 2002, hemos consolidado una s\u00f3lida presencia internacional, expandi\u00e9ndonos al mercado africano en 2008 y al mercado europeo en 2011. Con sede en Hong Kong, [&hellip;]<\/p>\n","protected":false},"author":1,"featured_media":0,"parent":0,"menu_order":0,"comment_status":"closed","ping_status":"closed","template":"","meta":{"footnotes":""},"class_list":["post-7419","page","type-page","status-publish","hentry","post"],"_links":{"self":[{"href":"https:\/\/www.trencahk.com\/es\/wp-json\/wp\/v2\/pages\/7419","targetHints":{"allow":["GET"]}}],"collection":[{"href":"https:\/\/www.trencahk.com\/es\/wp-json\/wp\/v2\/pages"}],"about":[{"href":"https:\/\/www.trencahk.com\/es\/wp-json\/wp\/v2\/types\/page"}],"author":[{"embeddable":true,"href":"https:\/\/www.trencahk.com\/es\/wp-json\/wp\/v2\/users\/1"}],"replies":[{"embeddable":true,"href":"https:\/\/www.trencahk.com\/es\/wp-json\/wp\/v2\/comments?post=7419"}],"version-history":[{"count":0,"href":"https:\/\/www.trencahk.com\/es\/wp-json\/wp\/v2\/pages\/7419\/revisions"}],"wp:attachment":[{"href":"https:\/\/www.trencahk.com\/es\/wp-json\/wp\/v2\/media?parent=7419"}],"curies":[{"name":"wp","href":"https:\/\/api.w.org\/{rel}","templated":true}]}}